{"id":561,"date":"2025-09-05T16:58:30","date_gmt":"2025-09-05T16:58:30","guid":{"rendered":"https:\/\/tappancsfeszt.hu\/?page_id=561"},"modified":"2026-03-09T13:19:37","modified_gmt":"2026-03-09T13:19:37","slug":"nyeremenyjatek-szabalyzat","status":"publish","type":"page","link":"https:\/\/tappancsfeszt.hu\/index.php\/nyeremenyjatek-szabalyzat\/","title":{"rendered":"Nyerem\u00e9nyj\u00e1t\u00e9k szab\u00e1lyzat"},"content":{"rendered":"\t\t<div data-elementor-type=\"wp-page\" data-elementor-id=\"561\" class=\"elementor elementor-561\">\n\t\t\t\t<div data-ka-cursor-size=\"1\" class=\"elementor-element elementor-element-bf081c0 e-flex e-con-boxed wpr-particle-no wpr-jarallax-no wpr-parallax-no wpr-sticky-section-no wpr-equal-height-no e-con e-parent\" data-id=\"bf081c0\" data-element_type=\"container\" data-e-type=\"container\" data-settings=\"{&quot;kng_cursor_interaction&quot;:&quot;default&quot;,&quot;kng_cursor_magnetic&quot;:&quot;none&quot;,&quot;kng_cursor_size_multiplier&quot;:{&quot;unit&quot;:&quot;px&quot;,&quot;size&quot;:1,&quot;sizes&quot;:[]}}\">\n\t\t\t\t\t<div class=\"e-con-inner\">\n\t\t\t\t<div data-ka-cursor-size=\"1\" class=\"elementor-element elementor-element-a2babd0 elementor-widget elementor-widget-text-editor\" data-id=\"a2babd0\" data-element_type=\"widget\" data-e-type=\"widget\" data-settings=\"{&quot;kng_cursor_interaction&quot;:&quot;default&quot;,&quot;kng_cursor_magnetic&quot;:&quot;none&quot;,&quot;kng_cursor_size_multiplier&quot;:{&quot;unit&quot;:&quot;px&quot;,&quot;size&quot;:1,&quot;sizes&quot;:[]}}\" data-widget_type=\"text-editor.default\">\n\t\t\t\t<div class=\"elementor-widget-container\">\n\t\t\t\t\t\t\t\t\t<p><strong>Tappancs Feszt Nyerem\u00e9nyj\u00e1t\u00e9k \u2013 K\u00e9rd\u0151\u00edv &#8211; J\u00e1t\u00e9kszab\u00e1lyzat<\/strong><\/p><ol><li><strong> Szervez\u0151 adatai<\/strong><\/li><\/ol><p><strong>Szervez\u0151 neve:<\/strong> HIPERION TECH\u00a0Oktat\u00f3 \u00e9s Szolg\u00e1ltat\u00f3 Korl\u00e1tolt Felel\u0151ss\u00e9g\u0171 T\u00e1rsas\u00e1g<br \/><strong>Sz\u00e9khely:<\/strong> 1203 Budapest, Baross u. 5\/A. C. lh\u00e1z. 1. em. 3.<br \/><strong>Kapcsolattart\u00f3 e-mail:<\/strong> tappancsfeszt@gmail.com<\/p><ol start=\"2\"><li><strong> A nyerem\u00e9nyj\u00e1t\u00e9k c\u00e9lja<\/strong><\/li><\/ol><p>A j\u00e1t\u00e9k c\u00e9lja, hogy min\u00e9l t\u00f6bben kit\u00f6lts\u00e9k a k\u00e9rd\u0151\u00edvet.<\/p><ol start=\"3\"><li><strong> R\u00e9szv\u00e9teli felt\u00e9telek<\/strong><\/li><\/ol><ul><li>A j\u00e1t\u00e9kban r\u00e9szt vehet minden 18. \u00e9let\u00e9v\u00e9t bet\u00f6lt\u00f6tt term\u00e9szetes szem\u00e9ly, aki teljes\u00edtette a nyerem\u00e9nyj\u00e1t\u00e9k szab\u00e1lyzat\u00e1ban le\u00edrtakat.<\/li><li>Nem vehet r\u00e9szt a j\u00e1t\u00e9kban a Szervez\u0151 alkalmazottja, a j\u00e1t\u00e9k lebonyol\u00edt\u00e1s\u00e1ban k\u00f6zrem\u0171k\u00f6d\u0151 szem\u00e9ly, valamint egy csal\u00e1don bel\u00fcli hozz\u00e1tartoz\u00f3juk.<\/li><\/ul><ol start=\"4\"><li><strong> A r\u00e9szv\u00e9tel menete<\/strong><\/li><\/ol><ol><li>Ki kell t\u00f6lteni a j\u00e1t\u00e9khoz tartoz\u00f3 k\u00e9rd\u0151\u00edvet \u00e9s elk\u00fcldeni azt.<\/li><\/ol><ol start=\"5\"><li><strong> J\u00e1t\u00e9k id\u0151tartama<\/strong><\/li><\/ol><p><strong>A j\u00e1t\u00e9k id\u0151tartama:<\/strong> 2026. febru\u00e1r 6.\u00a0 \u2013 2026. m\u00e1rcius 31.<br \/><strong>Sorsol\u00e1s id\u0151pontja:<\/strong> 2025. \u00e1prilis 1.- \u00e9n a nap folyam\u00e1n.<\/p><ol start=\"6\"><li><strong> Nyerem\u00e9ny le\u00edr\u00e1sa<\/strong><\/li><\/ol><ul><li>Nyerem\u00e9ny: Egy aj\u00e1nd\u00e9kcsomag<\/li><\/ul><ol start=\"7\"><li><strong> Sorsol\u00e1s menete<\/strong><\/li><\/ol><ul><li>A nyertes <strong>online sorsol\u00e1ssal<\/strong> ker\u00fclnek kiv\u00e1laszt\u00e1sra egy hivatalos sorsol\u00f3 applik\u00e1ci\u00f3 seg\u00edts\u00e9g\u00e9vel.<\/li><\/ul><ol start=\"8\"><li><strong> Figyelembe veend\u0151 jogi keretek<\/strong><\/li><\/ol><ul><li>A j\u00e1t\u00e9k <strong>prom\u00f3ci\u00f3s c\u00e9llal t\u00f6rt\u00e9n\u0151, ingyenes nyerem\u00e9nyj\u00e1t\u00e9k<\/strong>, <strong>nem min\u0151s\u00fcl szerencsej\u00e1t\u00e9knak<\/strong>, mivel a r\u00e9szv\u00e9tel nem fizet\u00e9shez k\u00f6t\u00f6tt \u00e9s nem k\u00f6vetel p\u00e9nz\u00fcgyi hozz\u00e1j\u00e1rul\u00e1st.<\/li><li>Ennek megfelel\u0151en <strong>nem sz\u00fcks\u00e9ges enged\u00e9ly<\/strong>, sem a Szerencsej\u00e1t\u00e9k Fel\u00fcgyelet r\u00e9sz\u00e9r\u0151l.<\/li><\/ul><ol start=\"9\"><li><strong> Kiz\u00e1r\u00e1si felt\u00e9telek<\/strong><\/li><\/ol><p>A Szervez\u0151 fenntartja a jogot, hogy kiz\u00e1rja a j\u00e1t\u00e9kb\u00f3l azt a r\u00e9sztvev\u0151t, aki:<\/p><ul><li>nem teljes\u00edti a r\u00e9szv\u00e9teli felt\u00e9teleket (nem t\u00f6lti ki a k\u00e9rd\u0151\u00edvet),<\/li><li>szab\u00e1lytalans\u00e1got, manipul\u00e1ci\u00f3ra utal\u00f3 tev\u00e9kenys\u00e9get folytat (pl. spam, robot),<\/li><li>megs\u00e9rti a k\u00f6z\u00f6ss\u00e9gi m\u00e9dia platform haszn\u00e1lati felt\u00e9teleit.<\/li><\/ul><ol start=\"10\"><li><strong> Eredm\u00e9nyhirdet\u00e9s, nyertesek \u00e9rtes\u00edt\u00e9se<\/strong><\/li><\/ol><ul><li>A nyertes Facebook \u00fczenetben ker\u00fcl \u00e9rtes\u00edt\u00e9sre.<\/li><li>A Szervez\u0151 e-mailben is \u00e9rtes\u00edti a nyerteseket.<\/li><li>A nyerteseknek 2 napon bel\u00fcl kell \u00e9lni\u00fck a nyerem\u00e9ny elfogad\u00e1s\u00e1nak lehet\u0151s\u00e9g\u00e9vel, ellenkez\u0151 esetben \u00e9rv\u00e9ny\u00e9t veszti a nyerem\u00e9ny.<\/li><\/ul><ol start=\"11\"><li><strong> Adatkezel\u00e9s \u00e9s adatv\u00e9delem<\/strong><\/li><\/ol><ul><li>A nyerem\u00e9nyj\u00e1t\u00e9k sor\u00e1n esetlegesen gy\u0171jt\u00f6tt adatokat (pl. n\u00e9v, e-mail c\u00edm) a j\u00e1t\u00e9k lebonyol\u00edt\u00e1s\u00e1hoz haszn\u00e1ljuk illetve tov\u00e1bbi h\u00edrlevelek k\u00fcld\u00e9s\u00e9re.<\/li><\/ul><ol start=\"12\"><li><strong> Egy\u00e9b rendelkez\u00e9sek<\/strong><\/li><\/ol><ul><li>A Szervez\u0151 fenntartja a jogot a szab\u00e1lyzat m\u00f3dos\u00edt\u00e1s\u00e1ra, vagy a j\u00e1t\u00e9k el\u0151zetes \u00e9rtes\u00edt\u00e9s n\u00e9lk\u00fcli t\u00f6rl\u00e9s\u00e9re, ha azt technikai okok vagy jogszab\u00e1lyi v\u00e1ltoz\u00e1sok indokolj\u00e1k.<\/li><li>A nyerem\u00e9ny k\u00e9szp\u00e9nzre nem v\u00e1lthat\u00f3.<\/li><li>A szab\u00e1lyzat el\u00e9rhet\u0151 \u00e9s let\u00f6lthet\u0151 a <a href=\"http:\/\/www.tappancsfeszt.hu\">www.tappancsfeszt.hu<\/a> weboldalon.<\/li><\/ul>\t\t\t\t\t\t\t\t<\/div>\n\t\t\t\t<\/div>\n\t\t\t\t\t<\/div>\n\t\t\t\t<\/div>\n\t\t<div data-ka-cursor-size=\"1\" class=\"elementor-element elementor-element-2c0b7c8 e-flex e-con-boxed wpr-particle-no wpr-jarallax-no wpr-parallax-no wpr-sticky-section-no wpr-equal-height-no e-con e-parent\" data-id=\"2c0b7c8\" data-element_type=\"container\" data-e-type=\"container\" data-settings=\"{&quot;kng_cursor_interaction&quot;:&quot;default&quot;,&quot;kng_cursor_magnetic&quot;:&quot;none&quot;,&quot;kng_cursor_size_multiplier&quot;:{&quot;unit&quot;:&quot;px&quot;,&quot;size&quot;:1,&quot;sizes&quot;:[]}}\">\n\t\t\t\t\t<div class=\"e-con-inner\">\n\t\t\t\t<div data-ka-cursor-size=\"1\" class=\"elementor-element elementor-element-6553b9b elementor-widget elementor-widget-text-editor\" data-id=\"6553b9b\" data-element_type=\"widget\" data-e-type=\"widget\" data-settings=\"{&quot;kng_cursor_interaction&quot;:&quot;default&quot;,&quot;kng_cursor_magnetic&quot;:&quot;none&quot;,&quot;kng_cursor_size_multiplier&quot;:{&quot;unit&quot;:&quot;px&quot;,&quot;size&quot;:1,&quot;sizes&quot;:[]}}\" data-widget_type=\"text-editor.default\">\n\t\t\t\t<div class=\"elementor-widget-container\">\n\t\t\t\t\t\t\t\t\t<p><strong>Tappancs Feszt Nyerem\u00e9nyj\u00e1t\u00e9k \u2013 Tiktok &#8211; J\u00e1t\u00e9kszab\u00e1lyzat<\/strong><\/p><ol><li><strong> Szervez\u0151 adatai<\/strong><\/li><\/ol><p><strong>Szervez\u0151 neve:<\/strong> HIPERION TECH\u00a0Oktat\u00f3 \u00e9s Szolg\u00e1ltat\u00f3 Korl\u00e1tolt Felel\u0151ss\u00e9g\u0171 T\u00e1rsas\u00e1g<br \/><strong>Sz\u00e9khely:<\/strong> 1203 Budapest, Baross u. 5\/A. C. lh\u00e1z. 1. em. 3.<br \/><strong>Kapcsolattart\u00f3 e-mail:<\/strong> tappancsfeszt@gmail.com<\/p><ol start=\"2\"><li><strong> A nyerem\u00e9nyj\u00e1t\u00e9k c\u00e9lja<\/strong><\/li><\/ol><p>A j\u00e1t\u00e9k c\u00e9lja, hogy a Tappancs Pilates TikTok oldala nagyobb aktivit\u00e1st produk\u00e1ljon..<\/p><ol start=\"3\"><li><strong> R\u00e9szv\u00e9teli felt\u00e9telek<\/strong><\/li><\/ol><ul><li>A j\u00e1t\u00e9kban r\u00e9szt vehet minden 18. \u00e9let\u00e9v\u00e9t bet\u00f6lt\u00f6tt term\u00e9szetes szem\u00e9ly, aki teljes\u00edtette a nyerem\u00e9nyj\u00e1t\u00e9k szab\u00e1lyzat\u00e1ban le\u00edrtakat.<\/li><li>Nem vehet r\u00e9szt a j\u00e1t\u00e9kban a Szervez\u0151 alkalmazottja, a j\u00e1t\u00e9k lebonyol\u00edt\u00e1s\u00e1ban k\u00f6zrem\u0171k\u00f6d\u0151 szem\u00e9ly, valamint egy csal\u00e1don bel\u00fcli hozz\u00e1tartoz\u00f3juk.<\/li><\/ul><ol start=\"4\"><li><strong> A r\u00e9szv\u00e9tel menete<\/strong><\/li><\/ol><ol><li>Be kell k\u00f6vetni a Tappancs Pilates TikTok oldal\u00e1t.<\/li><li>Likeolni kell a nyerem\u00e9nyj\u00e1t\u00e9kr\u00f3l sz\u00f3l\u00f3 vide\u00f3t.<\/li><li>Meg kell jel\u00f6lni 2 ismer\u0151s\u00e9t kommentben.<\/li><\/ol><ol start=\"5\"><li><strong> J\u00e1t\u00e9k id\u0151tartama<\/strong><\/li><\/ol><p>Sorsol\u00e1s id\u0151pontja: m\u00e1rcius 16.<\/p><p>Nyerem\u00e9nyj\u00e1t\u00e9k id\u0151tartama: 2026.03.09-15.<\/p><ol start=\"6\"><li><strong> Nyerem\u00e9ny le\u00edr\u00e1sa<\/strong><\/li><\/ol><ul><li>Nyerem\u00e9ny: Egy ingyenes Tappancs Pilates \u00f3ra<\/li><\/ul><ol start=\"7\"><li><strong> Sorsol\u00e1s menete<\/strong><\/li><\/ol><ul><li>A nyertes <strong>online sorsol\u00e1ssal<\/strong> ker\u00fclnek kiv\u00e1laszt\u00e1sra egy hivatalos sorsol\u00f3 applik\u00e1ci\u00f3 seg\u00edts\u00e9g\u00e9vel.<\/li><\/ul><ol start=\"8\"><li><strong> Figyelembe veend\u0151 jogi keretek<\/strong><\/li><\/ol><ul><li>A j\u00e1t\u00e9k <strong>prom\u00f3ci\u00f3s c\u00e9llal t\u00f6rt\u00e9n\u0151, ingyenes nyerem\u00e9nyj\u00e1t\u00e9k<\/strong>, <strong>nem min\u0151s\u00fcl szerencsej\u00e1t\u00e9knak<\/strong>, mivel a r\u00e9szv\u00e9tel nem fizet\u00e9shez k\u00f6t\u00f6tt \u00e9s nem k\u00f6vetel p\u00e9nz\u00fcgyi hozz\u00e1j\u00e1rul\u00e1st.<\/li><li>Ennek megfelel\u0151en <strong>nem sz\u00fcks\u00e9ges enged\u00e9ly<\/strong>, sem a Szerencsej\u00e1t\u00e9k Fel\u00fcgyelet r\u00e9sz\u00e9r\u0151l.<\/li><\/ul><ol start=\"9\"><li><strong> Kiz\u00e1r\u00e1si felt\u00e9telek<\/strong><\/li><\/ol><p>A Szervez\u0151 fenntartja a jogot, hogy kiz\u00e1rja a j\u00e1t\u00e9kb\u00f3l azt a r\u00e9sztvev\u0151t, aki:<\/p><ul><li>nem teljes\u00edti a r\u00e9szv\u00e9teli felt\u00e9teleket ,<\/li><li>szab\u00e1lytalans\u00e1got, manipul\u00e1ci\u00f3ra utal\u00f3 tev\u00e9kenys\u00e9get folytat (pl. spam, robot),<\/li><li>megs\u00e9rti a k\u00f6z\u00f6ss\u00e9gi m\u00e9dia platform haszn\u00e1lati felt\u00e9teleit.<\/li><\/ul><ol start=\"10\"><li><strong> Eredm\u00e9nyhirdet\u00e9s, nyertesek \u00e9rtes\u00edt\u00e9se<\/strong><\/li><\/ol><ul><li>A nyertes Facebook \u00fczenetben ker\u00fcl \u00e9rtes\u00edt\u00e9sre.<\/li><li>A Szervez\u0151 e-mailben is \u00e9rtes\u00edti a nyerteseket.<\/li><li>A nyerteseknek 2 napon bel\u00fcl kell \u00e9lni\u00fck a nyerem\u00e9ny elfogad\u00e1s\u00e1nak lehet\u0151s\u00e9g\u00e9vel, ellenkez\u0151 esetben \u00e9rv\u00e9ny\u00e9t veszti a nyerem\u00e9ny.<\/li><\/ul><ol start=\"11\"><li><strong> Adatkezel\u00e9s \u00e9s adatv\u00e9delem<\/strong><\/li><\/ol><ul><li>A nyerem\u00e9nyj\u00e1t\u00e9k sor\u00e1n esetlegesen gy\u0171jt\u00f6tt adatokat (pl. n\u00e9v, e-mail c\u00edm) a j\u00e1t\u00e9k lebonyol\u00edt\u00e1s\u00e1hoz haszn\u00e1ljuk illetve tov\u00e1bbi h\u00edrlevelek k\u00fcld\u00e9s\u00e9re.<\/li><\/ul><ol start=\"12\"><li><strong> Egy\u00e9b rendelkez\u00e9sek<\/strong><\/li><\/ol><ul><li>A Szervez\u0151 fenntartja a jogot a szab\u00e1lyzat m\u00f3dos\u00edt\u00e1s\u00e1ra, vagy a j\u00e1t\u00e9k el\u0151zetes \u00e9rtes\u00edt\u00e9s n\u00e9lk\u00fcli t\u00f6rl\u00e9s\u00e9re, ha azt technikai okok vagy jogszab\u00e1lyi v\u00e1ltoz\u00e1sok indokolj\u00e1k.<\/li><li>A nyerem\u00e9ny k\u00e9szp\u00e9nzre nem v\u00e1lthat\u00f3.<\/li><li>A szab\u00e1lyzat el\u00e9rhet\u0151 \u00e9s let\u00f6lthet\u0151 a <a href=\"http:\/\/www.tappancsfeszt.hu\">www.tappancsfeszt.hu<\/a> weboldalon.<\/li><\/ul>\t\t\t\t\t\t\t\t<\/div>\n\t\t\t\t<\/div>\n\t\t\t\t\t<\/div>\n\t\t\t\t<\/div>\n\t\t\t\t<\/div>\n\t\t","protected":false},"excerpt":{"rendered":"<p>Tappancs Feszt Nyerem\u00e9nyj\u00e1t\u00e9k \u2013 K\u00e9rd\u0151\u00edv &#8211; J\u00e1t\u00e9kszab\u00e1lyzat Szervez\u0151 adatai Szervez\u0151 neve: HIPERION TECH\u00a0Oktat\u00f3 \u00e9s Szolg\u00e1ltat\u00f3 Korl\u00e1tolt Felel\u0151ss\u00e9g\u0171 T\u00e1rsas\u00e1gSz\u00e9khely: 1203 Budapest, Baross u. 5\/A. C. lh\u00e1z. 1. em. 3.Kapcsolattart\u00f3 e-mail: tappancsfeszt@gmail.com A nyerem\u00e9nyj\u00e1t\u00e9k c\u00e9lja A j\u00e1t\u00e9k c\u00e9lja, hogy min\u00e9l t\u00f6bben kit\u00f6lts\u00e9k a k\u00e9rd\u0151\u00edvet. R\u00e9szv\u00e9teli felt\u00e9telek A j\u00e1t\u00e9kban r\u00e9szt vehet minden 18. \u00e9let\u00e9v\u00e9t bet\u00f6lt\u00f6tt term\u00e9szetes szem\u00e9ly, aki teljes\u00edtette a nyerem\u00e9nyj\u00e1t\u00e9k szab\u00e1lyzat\u00e1ban le\u00edrtakat. Nem vehet r\u00e9szt a j\u00e1t\u00e9kban a Szervez\u0151 alkalmazottja, a j\u00e1t\u00e9k lebonyol\u00edt\u00e1s\u00e1ban k\u00f6zrem\u0171k\u00f6d\u0151 szem\u00e9ly, valamint egy csal\u00e1don bel\u00fcli hozz\u00e1tartoz\u00f3juk. A r\u00e9szv\u00e9tel menete Ki kell t\u00f6lteni a j\u00e1t\u00e9khoz tartoz\u00f3 k\u00e9rd\u0151\u00edvet \u00e9s elk\u00fcldeni azt. J\u00e1t\u00e9k id\u0151tartama A j\u00e1t\u00e9k id\u0151tartama: 2026. febru\u00e1r 6.\u00a0 \u2013 2026. m\u00e1rcius 31.Sorsol\u00e1s id\u0151pontja: 2025. \u00e1prilis 1.- \u00e9n a nap folyam\u00e1n. Nyerem\u00e9ny le\u00edr\u00e1sa Nyerem\u00e9ny: Egy aj\u00e1nd\u00e9kcsomag Sorsol\u00e1s menete A nyertes online sorsol\u00e1ssal ker\u00fclnek kiv\u00e1laszt\u00e1sra egy hivatalos sorsol\u00f3 applik\u00e1ci\u00f3 seg\u00edts\u00e9g\u00e9vel. Figyelembe veend\u0151 jogi keretek A j\u00e1t\u00e9k prom\u00f3ci\u00f3s c\u00e9llal t\u00f6rt\u00e9n\u0151, ingyenes nyerem\u00e9nyj\u00e1t\u00e9k, nem min\u0151s\u00fcl szerencsej\u00e1t\u00e9knak, mivel a r\u00e9szv\u00e9tel nem fizet\u00e9shez k\u00f6t\u00f6tt \u00e9s nem k\u00f6vetel p\u00e9nz\u00fcgyi hozz\u00e1j\u00e1rul\u00e1st. Ennek megfelel\u0151en nem sz\u00fcks\u00e9ges enged\u00e9ly, sem a Szerencsej\u00e1t\u00e9k Fel\u00fcgyelet r\u00e9sz\u00e9r\u0151l. Kiz\u00e1r\u00e1si felt\u00e9telek A Szervez\u0151 fenntartja a jogot, hogy kiz\u00e1rja a j\u00e1t\u00e9kb\u00f3l azt a r\u00e9sztvev\u0151t, aki: nem teljes\u00edti a r\u00e9szv\u00e9teli felt\u00e9teleket (nem t\u00f6lti ki a k\u00e9rd\u0151\u00edvet), szab\u00e1lytalans\u00e1got, manipul\u00e1ci\u00f3ra utal\u00f3 tev\u00e9kenys\u00e9get folytat (pl. spam, robot), megs\u00e9rti a k\u00f6z\u00f6ss\u00e9gi m\u00e9dia platform haszn\u00e1lati felt\u00e9teleit. Eredm\u00e9nyhirdet\u00e9s, nyertesek \u00e9rtes\u00edt\u00e9se A nyertes Facebook \u00fczenetben ker\u00fcl \u00e9rtes\u00edt\u00e9sre. A Szervez\u0151 e-mailben is \u00e9rtes\u00edti a nyerteseket. A nyerteseknek 2 napon bel\u00fcl kell \u00e9lni\u00fck a nyerem\u00e9ny elfogad\u00e1s\u00e1nak lehet\u0151s\u00e9g\u00e9vel, ellenkez\u0151 esetben \u00e9rv\u00e9ny\u00e9t veszti a nyerem\u00e9ny. Adatkezel\u00e9s \u00e9s adatv\u00e9delem A nyerem\u00e9nyj\u00e1t\u00e9k sor\u00e1n esetlegesen gy\u0171jt\u00f6tt adatokat (pl. n\u00e9v, e-mail c\u00edm) a j\u00e1t\u00e9k lebonyol\u00edt\u00e1s\u00e1hoz haszn\u00e1ljuk illetve tov\u00e1bbi h\u00edrlevelek k\u00fcld\u00e9s\u00e9re. Egy\u00e9b rendelkez\u00e9sek A Szervez\u0151 fenntartja a jogot a szab\u00e1lyzat m\u00f3dos\u00edt\u00e1s\u00e1ra, vagy a j\u00e1t\u00e9k el\u0151zetes \u00e9rtes\u00edt\u00e9s n\u00e9lk\u00fcli t\u00f6rl\u00e9s\u00e9re, ha azt technikai okok vagy jogszab\u00e1lyi v\u00e1ltoz\u00e1sok indokolj\u00e1k. A nyerem\u00e9ny k\u00e9szp\u00e9nzre nem v\u00e1lthat\u00f3. A szab\u00e1lyzat el\u00e9rhet\u0151 \u00e9s let\u00f6lthet\u0151 a www.tappancsfeszt.hu weboldalon. Tappancs Feszt Nyerem\u00e9nyj\u00e1t\u00e9k \u2013 Tiktok &#8211; J\u00e1t\u00e9kszab\u00e1lyzat Szervez\u0151 adatai Szervez\u0151 neve: HIPERION TECH\u00a0Oktat\u00f3 \u00e9s Szolg\u00e1ltat\u00f3 Korl\u00e1tolt Felel\u0151ss\u00e9g\u0171 T\u00e1rsas\u00e1gSz\u00e9khely: 1203 Budapest, Baross u. 5\/A. C. lh\u00e1z. 1. em. 3.Kapcsolattart\u00f3 e-mail: tappancsfeszt@gmail.com A nyerem\u00e9nyj\u00e1t\u00e9k c\u00e9lja A j\u00e1t\u00e9k c\u00e9lja, hogy a Tappancs Pilates TikTok oldala nagyobb aktivit\u00e1st produk\u00e1ljon.. R\u00e9szv\u00e9teli felt\u00e9telek A j\u00e1t\u00e9kban r\u00e9szt vehet minden 18. \u00e9let\u00e9v\u00e9t bet\u00f6lt\u00f6tt term\u00e9szetes szem\u00e9ly, aki teljes\u00edtette a nyerem\u00e9nyj\u00e1t\u00e9k szab\u00e1lyzat\u00e1ban le\u00edrtakat. Nem vehet r\u00e9szt a j\u00e1t\u00e9kban a Szervez\u0151 alkalmazottja, a j\u00e1t\u00e9k lebonyol\u00edt\u00e1s\u00e1ban k\u00f6zrem\u0171k\u00f6d\u0151 szem\u00e9ly, valamint egy csal\u00e1don bel\u00fcli hozz\u00e1tartoz\u00f3juk. A r\u00e9szv\u00e9tel menete Be kell k\u00f6vetni a Tappancs Pilates TikTok oldal\u00e1t. Likeolni kell a nyerem\u00e9nyj\u00e1t\u00e9kr\u00f3l sz\u00f3l\u00f3 vide\u00f3t. Meg kell jel\u00f6lni 2 ismer\u0151s\u00e9t kommentben. J\u00e1t\u00e9k id\u0151tartama Sorsol\u00e1s id\u0151pontja: m\u00e1rcius 16. Nyerem\u00e9nyj\u00e1t\u00e9k id\u0151tartama: 2026.03.09-15. Nyerem\u00e9ny le\u00edr\u00e1sa Nyerem\u00e9ny: Egy ingyenes Tappancs Pilates \u00f3ra Sorsol\u00e1s menete A nyertes online sorsol\u00e1ssal ker\u00fclnek kiv\u00e1laszt\u00e1sra egy hivatalos sorsol\u00f3 applik\u00e1ci\u00f3 seg\u00edts\u00e9g\u00e9vel. Figyelembe veend\u0151 jogi keretek A j\u00e1t\u00e9k prom\u00f3ci\u00f3s c\u00e9llal t\u00f6rt\u00e9n\u0151, ingyenes nyerem\u00e9nyj\u00e1t\u00e9k, nem min\u0151s\u00fcl szerencsej\u00e1t\u00e9knak, mivel a r\u00e9szv\u00e9tel nem fizet\u00e9shez k\u00f6t\u00f6tt \u00e9s nem k\u00f6vetel p\u00e9nz\u00fcgyi hozz\u00e1j\u00e1rul\u00e1st. Ennek megfelel\u0151en nem sz\u00fcks\u00e9ges enged\u00e9ly, sem a Szerencsej\u00e1t\u00e9k Fel\u00fcgyelet r\u00e9sz\u00e9r\u0151l. Kiz\u00e1r\u00e1si felt\u00e9telek A Szervez\u0151 fenntartja a jogot, hogy kiz\u00e1rja a j\u00e1t\u00e9kb\u00f3l azt a r\u00e9sztvev\u0151t, aki: nem teljes\u00edti a r\u00e9szv\u00e9teli felt\u00e9teleket , szab\u00e1lytalans\u00e1got, manipul\u00e1ci\u00f3ra utal\u00f3 tev\u00e9kenys\u00e9get folytat (pl. spam, robot), megs\u00e9rti a k\u00f6z\u00f6ss\u00e9gi m\u00e9dia platform haszn\u00e1lati felt\u00e9teleit. Eredm\u00e9nyhirdet\u00e9s, nyertesek \u00e9rtes\u00edt\u00e9se A nyertes Facebook \u00fczenetben ker\u00fcl \u00e9rtes\u00edt\u00e9sre. A Szervez\u0151 e-mailben is \u00e9rtes\u00edti a nyerteseket. A nyerteseknek 2 napon bel\u00fcl kell \u00e9lni\u00fck a nyerem\u00e9ny elfogad\u00e1s\u00e1nak lehet\u0151s\u00e9g\u00e9vel, ellenkez\u0151 esetben \u00e9rv\u00e9ny\u00e9t veszti a nyerem\u00e9ny. Adatkezel\u00e9s \u00e9s adatv\u00e9delem A nyerem\u00e9nyj\u00e1t\u00e9k sor\u00e1n esetlegesen gy\u0171jt\u00f6tt adatokat (pl. n\u00e9v, e-mail c\u00edm) a j\u00e1t\u00e9k lebonyol\u00edt\u00e1s\u00e1hoz haszn\u00e1ljuk illetve tov\u00e1bbi h\u00edrlevelek k\u00fcld\u00e9s\u00e9re. Egy\u00e9b rendelkez\u00e9sek A Szervez\u0151 fenntartja a jogot a szab\u00e1lyzat m\u00f3dos\u00edt\u00e1s\u00e1ra, vagy a j\u00e1t\u00e9k el\u0151zetes \u00e9rtes\u00edt\u00e9s n\u00e9lk\u00fcli t\u00f6rl\u00e9s\u00e9re, ha azt technikai okok vagy jogszab\u00e1lyi v\u00e1ltoz\u00e1sok indokolj\u00e1k. A nyerem\u00e9ny k\u00e9szp\u00e9nzre nem v\u00e1lthat\u00f3. A szab\u00e1lyzat el\u00e9rhet\u0151 \u00e9s let\u00f6lthet\u0151 a www.tappancsfeszt.hu weboldalon.<\/p>\n","protected":false},"author":1,"featured_media":0,"parent":0,"menu_order":0,"comment_status":"closed","ping_status":"closed","template":"","meta":{"site-sidebar-layout":"default","site-content-layout":"","ast-site-content-layout":"default","site-content-style":"default","site-sidebar-style":"default","ast-global-header-display":"","ast-banner-title-visibility":"","ast-main-header-display":"","ast-hfb-above-header-display":"","ast-hfb-below-header-display":"","ast-hfb-mobile-header-display":"","site-post-title":"","ast-breadcrumbs-content":"","ast-featured-img":"","footer-sml-layout":"","ast-disable-related-posts":"","theme-transparent-header-meta":"","adv-header-id-meta":"","stick-header-meta":"","header-above-stick-meta":"","header-main-stick-meta":"","header-below-stick-meta":"","astra-migrate-meta-layouts":"default","ast-page-background-enabled":"default","ast-page-background-meta":{"desktop":{"background-color":"var(--ast-global-color-5)","background-image":"","background-repeat":"repeat","background-position":"center center","background-size":"auto","background-attachment":"scroll","background-type":"","background-media":"","overlay-type":"","overlay-color":"","overlay-opacity":"","overlay-gradient":""},"tablet":{"background-color":"","background-image":"","background-repeat":"repeat","background-position":"center center","background-size":"auto","background-attachment":"scroll","background-type":"","background-media":"","overlay-type":"","overlay-color":"","overlay-opacity":"","overlay-gradient":""},"mobile":{"background-color":"","background-image":"","background-repeat":"repeat","background-position":"center center","background-size":"auto","background-attachment":"scroll","background-type":"","background-media":"","overlay-type":"","overlay-color":"","overlay-opacity":"","overlay-gradient":""}},"ast-content-background-meta":{"desktop":{"background-color":"var(--ast-global-color-4)","background-image":"","background-repeat":"repeat","background-position":"center center","background-size":"auto","background-attachment":"scroll","background-type":"","background-media":"","overlay-type":"","overlay-color":"","overlay-opacity":"","overlay-gradient":""},"tablet":{"background-color":"var(--ast-global-color-4)","background-image":"","background-repeat":"repeat","background-position":"center center","background-size":"auto","background-attachment":"scroll","background-type":"","background-media":"","overlay-type":"","overlay-color":"","overlay-opacity":"","overlay-gradient":""},"mobile":{"background-color":"var(--ast-global-color-4)","background-image":"","background-repeat":"repeat","background-position":"center center","background-size":"auto","background-attachment":"scroll","background-type":"","background-media":"","overlay-type":"","overlay-color":"","overlay-opacity":"","overlay-gradient":""}},"iawp_total_views":123,"footnotes":""},"class_list":["post-561","page","type-page","status-publish","hentry"],"_links":{"self":[{"href":"https:\/\/tappancsfeszt.hu\/index.php\/wp-json\/wp\/v2\/pages\/561","targetHints":{"allow":["GET"]}}],"collection":[{"href":"https:\/\/tappancsfeszt.hu\/index.php\/wp-json\/wp\/v2\/pages"}],"about":[{"href":"https:\/\/tappancsfeszt.hu\/index.php\/wp-json\/wp\/v2\/types\/page"}],"author":[{"embeddable":true,"href":"https:\/\/tappancsfeszt.hu\/index.php\/wp-json\/wp\/v2\/users\/1"}],"replies":[{"embeddable":true,"href":"https:\/\/tappancsfeszt.hu\/index.php\/wp-json\/wp\/v2\/comments?post=561"}],"version-history":[{"count":16,"href":"https:\/\/tappancsfeszt.hu\/index.php\/wp-json\/wp\/v2\/pages\/561\/revisions"}],"predecessor-version":[{"id":1017,"href":"https:\/\/tappancsfeszt.hu\/index.php\/wp-json\/wp\/v2\/pages\/561\/revisions\/1017"}],"wp:attachment":[{"href":"https:\/\/tappancsfeszt.hu\/index.php\/wp-json\/wp\/v2\/media?parent=561"}],"curies":[{"name":"wp","href":"https:\/\/api.w.org\/{rel}","templated":true}]}}